{"id":5271,"date":"2019-04-01T15:37:46","date_gmt":"2019-04-01T15:37:46","guid":{"rendered":"https:\/\/geres.pt\/?page_id=5271"},"modified":"2019-04-01T15:37:46","modified_gmt":"2019-04-01T15:37:46","slug":"terms-of-use","status":"publish","type":"page","link":"https:\/\/geres.pt\/en\/terms-of-use\/","title":{"rendered":"Terms of Use"},"content":{"rendered":"<p>[vc_row full_width=&#8221;stretch_row_content_no_spaces&#8221;][vc_column][rev_slider_vc alias=&#8221;fixed&#8221;][\/vc_column][\/vc_row][vc_row css=&#8221;.vc_custom_1523290119472{padding-top: 20px !important;padding-right: 80px !important;padding-left: 80px !important;}&#8221;][vc_column][vc_empty_space height=&#8221;20px&#8221;][vc_custom_heading text=&#8221;TERMOS DE USO&#8221; font_container=&#8221;tag:h2|font_size:40|text_align:center|color:%230a0a0a&#8221; use_theme_fonts=&#8221;yes&#8221;][vc_empty_space]<div class=\"text-block\" ><div class=\"simple-text size-4\"><p>O utilizador deste Portal Internet dever\u00e1 ler esta informa\u00e7\u00e3o atentamente. Caso n\u00e3o concorde, n\u00e3o dever\u00e1 prosseguir com a utiliza\u00e7\u00e3o do mesmo. Para conhecimento do utilizador, \u00e9 oportuno referir alguns princ\u00edpios aplicados neste Portal Internet: Quaisquer tentativas de altera\u00e7\u00e3o de informa\u00e7\u00e3o, de carregamento de informa\u00e7\u00e3o, ou qualquer outra ac\u00e7\u00e3o que possa causar dano e p\u00f4r em risco a integridade do sistema, s\u00e3o estritamente proibidas e podem ser punidas de acordo com a legisla\u00e7\u00e3o em vigor. Para qualquer quest\u00e3o ou coment\u00e1rio sobre a informa\u00e7\u00e3o contida nas p\u00e1ginas, contacte por favor\u00a0<span style=\"color: #13a538;\"><a style=\"color: #13a538;\" href=\"http:\/\/geres.pt\/contact\/\">contacte-nos<\/a>.<\/span><\/p>\n<h2>Direitos de Autor<\/h2>\n<p>Este portal sob o endere\u00e7o\u00a0<span style=\"color: #13a538;\"><a style=\"color: #13a538;\" href=\"http:\/\/ger\/\"><strong>http:\/\/ger\u00eas.pt<\/strong><\/a><\/span>\u00a0ou\u00a0<strong><a href=\"http:\/\/geres.pt\/\"><span style=\"color: #13a538;\">http:\/\/geres.pt<\/span><\/a>\u00a0<\/strong>\u00e9 propriedade de<strong>\u00a0Ger\u00eas Viver Turismo &#8211; Associa\u00e7\u00e3o de Defesa e Promo\u00e7\u00e3o do Ger\u00eas<\/strong>. Todos os conte\u00fados materiais presentes nesta p\u00e1gina, incluindo v\u00eddeos, gr\u00e1ficos, textos, imagens, desenhos, m\u00fasicas ou sons e quaisquer outras informa\u00e7\u00f5es s\u00e3o da responsabilidade de<strong>\u00a0Ger\u00eas Viver Turismo &#8211; Associa\u00e7\u00e3o de Defesa e Promo\u00e7\u00e3o do Ger\u00eas<\/strong>\u00a0ou foram inclu\u00eddos com permiss\u00e3o das entidades que legitimamente det\u00eam os direitos de autor sobre os mesmos. \u00c9 permitido ao utilizador deste portal fazer c\u00f3pias de parte ou da totalidade da informa\u00e7\u00e3o nele contida para o disco r\u00edgido do seu computador pessoal ou distribuir essa informa\u00e7\u00e3o a outras pessoas, desde que o objectivo seja o uso privado ou informativo e n\u00e3o comercial, n\u00e3o se autorizando a altera\u00e7\u00e3o ou supress\u00e3o das refer\u00eancias a\u00a0<strong>\u00a0Ger\u00eas Viver Turismo &#8211; Associa\u00e7\u00e3o de Defesa e Promo\u00e7\u00e3o do Ger\u00eas<\/strong>\u00a0e a outras entidades a\u00ed referidas como sendo titulares dos direitos exclusivos sobre os conte\u00fados. A protec\u00e7\u00e3o dos direitos de autor e de propriedade industrial sobre os conte\u00fados presentes neste portal estende-se a todas as c\u00f3pias de parte ou da totalidade da informa\u00e7\u00e3o contida no mesmo.<\/p>\n<h2>Declara\u00e7\u00e3o de confidencialidade<\/h2>\n<p>Nos termos do art.\u00ba 35\u00ba da CRP e da Lei n.\u00ba 67\/98, de 26 de Outubro, a informa\u00e7\u00e3o recolhida sobre os visitantes do portal \u00e9 de car\u00e1cter pessoal, pelo que se assegura a confidencialidade da identidade do visitante. Haver\u00e1 todavia lugar a identifica\u00e7\u00e3o dos utilizadores sempre que cometem actos ilegais dentro do Portal, violem o respectivo c\u00f3digo de conduta, ou quando tal for solicitado por decis\u00e3o judicial. No caso de o visitante enviar uma mensagem ao Portal, o seu endere\u00e7o n\u00e3o ser\u00e1 registado ou divulgado, excepto se tal for pedido por senten\u00e7a judicial.<\/p>\n<h2>Foro legal<\/h2>\n<p>O presente contrato rege-se pela lei portuguesa.<\/p>\n<\/div><\/div>[vc_empty_space height=&#8221;40px&#8221;][vc_empty_space height=&#8221;40px&#8221;][\/vc_column][\/vc_row][vc_row full_width=&#8221;stretch_row_content&#8221;][vc_column width=&#8221;1\/6&#8243;]<div class=\"vc_column-inner \"><div class=\"wpb_wrapper\"><div class=\"tt-category-block custom-hover-image tt-category-block-style2\"><div class=\"tt-category-block-inner bg\" style=\"background-image:url(http:\/\/geres.pt\/wp-content\/uploads\/2018\/04\/foto.photo-Hotel-S-Bento-by-Paulo-Vale_11.jpg);\"><a href=\"http:\/\/geres.pt\/alojamento\/\"><\/a><div class=\"tt-category-text-style2\"><h5 class=\"tt-category-title c-h5\">Alojamento<\/h5><\/div><\/div><\/div><div class=\"empty-space marg-xs-b15\"><\/div><\/div><\/div>[\/vc_column][vc_column width=&#8221;1\/6&#8243;]<div class=\"vc_column-inner \"><div class=\"wpb_wrapper\"><div class=\"tt-category-block custom-hover-image tt-category-block-style2\"><div class=\"tt-category-block-inner bg\" style=\"background-image:url(http:\/\/geres.pt\/wp-content\/uploads\/2018\/04\/3-3.jpg);\"><a href=\"http:\/\/geres.pt\/experiencias\/\"><\/a><div class=\"tt-category-text-style2\"><h5 class=\"tt-category-title c-h5\">Experi\u00eancias<\/h5><\/div><\/div><\/div><div class=\"empty-space marg-xs-b15\"><\/div><\/div><\/div>[\/vc_column][vc_column width=&#8221;1\/6&#8243;]<div class=\"vc_column-inner \"><div class=\"wpb_wrapper\"><div class=\"tt-category-block custom-hover-image tt-category-block-style2\"><div class=\"tt-category-block-inner bg\" style=\"background-image:url(http:\/\/geres.pt\/wp-content\/uploads\/2018\/04\/direct\u00f3rio-restaurantes.jpg);\"><a href=\"http:\/\/geres.pt\/restaurantes\/\"><\/a><div class=\"tt-category-text-style2\"><h5 class=\"tt-category-title c-h5\">Restaurantes<\/h5><\/div><\/div><\/div><div class=\"empty-space marg-xs-b15\"><\/div><\/div><\/div>[\/vc_column][vc_column width=&#8221;1\/6&#8243;]<div class=\"vc_column-inner \"><div class=\"wpb_wrapper\"><div class=\"tt-category-block custom-hover-image tt-category-block-style2\"><div class=\"tt-category-block-inner bg\" style=\"background-image:url(http:\/\/geres.pt\/wp-content\/uploads\/2018\/04\/foto.photo-Hotel-S-Bento-by-Paulo-Vale_4.jpg);\"><a href=\"http:\/\/geres.pt\/comprar\/\"><\/a><div class=\"tt-category-text-style2\"><h5 class=\"tt-category-title c-h5\">Com\u00e9rcio<\/h5><\/div><\/div><\/div><div class=\"empty-space marg-xs-b15\"><\/div><\/div><\/div>[\/vc_column][vc_column width=&#8221;1\/6&#8243;]<div class=\"vc_column-inner \"><div class=\"wpb_wrapper\"><div class=\"tt-category-block custom-hover-image tt-category-block-style2\"><div class=\"tt-category-block-inner bg\" style=\"background-image:url(http:\/\/geres.pt\/wp-content\/uploads\/2018\/04\/foto.photo-Hotel-S-Bento-by-Paulo-Vale_6.jpg);\"><a href=\"http:\/\/geres.pt\/servicos\/\"><\/a><div class=\"tt-category-text-style2\"><h5 class=\"tt-category-title c-h5\">Servi\u00e7os<\/h5><\/div><\/div><\/div><div class=\"empty-space marg-xs-b15\"><\/div><\/div><\/div>[\/vc_column][vc_column width=&#8221;1\/6&#8243;]<div class=\"vc_column-inner \"><div class=\"wpb_wrapper\"><div class=\"tt-category-block custom-hover-image tt-category-block-style2\"><div class=\"tt-category-block-inner bg\" style=\"background-image:url(http:\/\/geres.pt\/wp-content\/uploads\/2018\/02\/\u00c1guas-do-Ger\u00eas-4.jpg);\"><a href=\"http:\/\/geres.pt\/termas\/\"><\/a><div class=\"tt-category-text-style2\"><h5 class=\"tt-category-title c-h5\">\u00c1guas\/Termas<\/h5><\/div><\/div><\/div><div class=\"empty-space marg-xs-b15\"><\/div><\/div><\/div>[\/vc_column][\/vc_row]<\/p>\n","protected":false},"excerpt":{"rendered":"<p>[vc_row full_width=&#8221;stretch_row_content_no_spaces&#8221;][vc_column][rev_slider_vc alias=&#8221;fixed&#8221;][\/vc_column][\/vc_row][vc_row css=&#8221;.vc_custom_1523290119472{padding-top: 20px !important;padding-right: 80px !important;padding-left: 80px !important;}&#8221;][vc_column][vc_empty_space height=&#8221;20px&#8221;][vc_custom_heading text=&#8221;TERMOS DE USO&#8221; font_container=&#8221;tag:h2|font_size:40|text_align:center|color:%230a0a0a&#8221; use_theme_fonts=&#8221;yes&#8221;][vc_empty_space][vc_empty_space height=&#8221;40px&#8221;][vc_empty_space height=&#8221;40px&#8221;][\/vc_column][\/vc_row][vc_row full_width=&#8221;stretch_row_content&#8221;][vc_column width=&#8221;1\/6&#8243;][\/vc_column][vc_column width=&#8221;1\/6&#8243;][\/vc_column][vc_column width=&#8221;1\/6&#8243;][\/vc_column][vc_column width=&#8221;1\/6&#8243;][\/vc_column][vc_column width=&#8221;1\/6&#8243;][\/vc_column][vc_column width=&#8221;1\/6&#8243;][\/vc_column][\/vc_row]<\/p>\n","protected":false},"author":11,"featured_media":0,"parent":0,"menu_order":0,"comment_status":"closed","ping_status":"closed","template":"","meta":{"_tribe_blocks_recurrence_rules":"","_tribe_blocks_recurrence_exclusions":"","_tribe_blocks_recurrence_description":""},"_links":{"self":[{"href":"https:\/\/geres.pt\/en\/wp-json\/wp\/v2\/pages\/5271\/"}],"collection":[{"href":"https:\/\/geres.pt\/en\/wp-json\/wp\/v2\/pages\/"}],"about":[{"href":"https:\/\/geres.pt\/en\/wp-json\/wp\/v2\/types\/page\/"}],"author":[{"embeddable":true,"href":"https:\/\/geres.pt\/en\/wp-json\/wp\/v2\/users\/11\/"}],"replies":[{"embeddable":true,"href":"https:\/\/geres.pt\/en\/wp-json\/wp\/v2\/comments\/?post=5271"}],"version-history":[{"count":0,"href":"https:\/\/geres.pt\/en\/wp-json\/wp\/v2\/pages\/5271\/revisions\/"}],"wp:attachment":[{"href":"https:\/\/geres.pt\/en\/wp-json\/wp\/v2\/media\/?parent=5271"}],"curies":[{"name":"wp","href":"https:\/\/api.w.org\/{rel}","templated":true}]}}