{"id":5269,"date":"2019-04-01T15:36:38","date_gmt":"2019-04-01T15:36:38","guid":{"rendered":"https:\/\/geres.pt\/?page_id=5269"},"modified":"2019-04-01T15:36:38","modified_gmt":"2019-04-01T15:36:38","slug":"about-geres-viver-turismo-association","status":"publish","type":"page","link":"https:\/\/geres.pt\/en\/about-geres-viver-turismo-association\/","title":{"rendered":"About Ger\u00eas Viver Turismo Association"},"content":{"rendered":"<p>[vc_row full_width=&#8221;stretch_row_content_no_spaces&#8221;][vc_column][rev_slider_vc alias=&#8221;fixed&#8221;][\/vc_column][\/vc_row][vc_row css=&#8221;.vc_custom_1523984383729{padding-top: 20px !important;}&#8221;][vc_column][vc_empty_space height=&#8221;50px&#8221;][vc_custom_heading text=&#8221;ASSOCIA\u00c7\u00c3O GER\u00caS VIVER TURISMO&#8221; font_container=&#8221;tag:h2|font_size:40|text_align:center|color:%230a0a0a&#8221; use_theme_fonts=&#8221;yes&#8221;][vc_empty_space height=&#8221;100px&#8221;][vc_row_inner css=&#8221;.vc_custom_1523984500736{padding-right: 20px !important;padding-left: 20px !important;}&#8221;][vc_column_inner]<div class=\"text-block\" ><div class=\"simple-text size-4\"><p>A<strong>\u00a0Ger\u00eas Viver Turismo &#8211; Associa<\/strong><strong>\u00e7\u00e3o de\u00a0<\/strong><strong>Defesa e Promo\u00e7\u00e3o do Ger\u00eas<\/strong>\u00a0(GVT) \u00e9 uma associa\u00e7\u00e3o sem fins lucrativos, cujo principal objectivo \u00e9 a promo\u00e7\u00e3o e divulga\u00e7\u00e3o do Ger\u00eas enquanto destino de elei\u00e7\u00e3o no que respeita ao produto turismo da natureza, incluindo a componente ambiental e termal, tendo sido fundada em Fevereiro de 2008.<\/p>\n<\/div><\/div>[\/vc_column_inner][\/vc_row_inner][vc_empty_space height=&#8221;10px&#8221;][vc_row_inner css=&#8221;.vc_custom_1523984510510{padding-right: 20px !important;padding-left: 20px !important;}&#8221;][vc_column_inner]<div class=\"text-block\" ><div class=\"simple-text size-4\"><p style=\"text-align: left;\">O \u00e2mbito territorial da GVT \u00e9 concelhio (Concelho de Terras de Bouro) e admite s\u00f3cios de todos os sectores de actividade. A associa\u00e7\u00e3o optou por simplificar o processo de constitui\u00e7\u00e3o da mesma, regulamentando nos seus\u00a0<strong>&#8220;Estatutos&#8221;\u00a0<\/strong>apenas as mat\u00e9rias essenciais da vida associativa, enquanto que o\u00a0<strong>&#8220;Regulamento Geral Interno&#8221;<\/strong>\u00a0especifica as condi\u00e7\u00f5es de ades\u00e3o, tipos de s\u00f3cios, quotiza\u00e7\u00f5es, compet\u00eancias e formas de funcionamento dos \u00f3rg\u00e3os estatut\u00e1rios, entre outros.<\/p>\n<p style=\"text-align: left;\">O ambiente criado e desenvolvido durante o processo de constitui\u00e7\u00e3o da associa\u00e7\u00e3o \u00e9 um est\u00edmulo muito importante para todos. O debate de ideias, a aceita\u00e7\u00e3o da diferen\u00e7a, a forma participada como decorreram e decorrem as reuni\u00f5es, a vontade de trabalhar em conjunto, bem como o reconhecimento de que os problemas afectam todos e as solu\u00e7\u00f5es podem beneficiar todos, s\u00e3o indicadores seguros do sucesso deste projecto.<\/p>\n<div class=\"vc_row wpb_row vc_row-fluid\" style=\"text-align: left;\">\n<div class=\"wpb_column vc_column_container vc_col-sm-12\">\n<div class=\"vc_column-inner \">\n<div class=\"wpb_wrapper\">\n<div>\n<p>Tendo sido criada a pensar na organiza\u00e7\u00e3o da oferta tur\u00edstica e na articula\u00e7\u00e3o entre agentes econ\u00f3micos do concelho de Terras de Bouro, em estreita colabora\u00e7\u00e3o com o munic\u00edpio e com preocupa\u00e7\u00f5es ao n\u00edvel da sustentabilidade, objectiva tamb\u00e9m a potencia\u00e7\u00e3o da din\u00e2mica tur\u00edstica, econ\u00f3mica e social da \u00e1rea territorial onde se insere e actua \u2013 o Parque Nacional da Peneda-Ger\u00eas.<span class=\"Apple-converted-space\">\u00a0<\/span><\/p>\n<p>Actualmente, com cinco dezenas de empresas associadas, a associa\u00e7\u00e3o Ger\u00eas Viver Turismo organiza e desenvolve diversos tipos de actividades, a maioria direccionadas para o usufruto da Natureza, mas tamb\u00e9m culturais e formativas, na senda de um destino que, sem retirar valor aos recursos, quer oferecer produtos de qualidade num trabalho de parceria e em rede.<\/p>\n<p>No dia 25 de Maio 2017 foi divulgada a logomarca Ger\u00eas. Encerrando em si v\u00e1rios dos elementos mais significativos do Ger\u00eas, \u00e9 uma representa\u00e7\u00e3o gr\u00e1fica, simb\u00f3lica, da paix\u00e3o pela montanha e pela Natureza, criada com o objectivo de ser facilitadora na comunica\u00e7\u00e3o de t\u00e3o conhecido destino tur\u00edstico, destinando-se tamb\u00e9m a identificar as actividades desenvolvidas pela associa\u00e7\u00e3o, bem como a dos seus associados, numa rela\u00e7\u00e3o pr\u00f3xima e cordial com outras entidades e horizontes territoriais.<span class=\"Apple-converted-space\">\u00a0<\/span><\/p>\n<p>A logomarca Ger\u00eas, pretende ser relevante a n\u00edvel local, regional, nacional e internacional.<\/p>\n<\/div>\n<div><\/div>\n<div>Nota: A utiliza\u00e7\u00e3o desta logomarca carece de autoriza\u00e7\u00e3o da associa\u00e7\u00e3o Ger\u00eas Viver Turismo, pelo que as empresas e outras entidades devem enviar solicita\u00e7\u00e3o para\u00a0<strong>vivergeres@gmail.com<\/strong>.<\/div>\n<div class=\"vc_empty_space\"><\/div>\n<\/div>\n<\/div>\n<\/div>\n<\/div>\n<div class=\"vc_row wpb_row vc_row-fluid\">\n<div class=\"wpb_column vc_column_container vc_col-sm-6\">\n<div class=\"vc_column-inner \">\n<div class=\"wpb_wrapper\">\n<div class=\"wpb_single_image wpb_content_element vc_align_center\">\n<figure class=\"wpb_wrapper vc_figure\">\n<div class=\"vc_single_image-wrapper vc_box_border_grey\" style=\"text-align: left;\"><img loading=\"lazy\" class=\"vc_single_image-img attachment-medium\" src=\"https:\/\/geres.pt\/wp-content\/uploads\/2018\/04\/Ger%C3%AAs-Logotipo-png-270x300.png\" sizes=\"(max-width: 270px) 100vw, 270px\" srcset=\"https:\/\/geres.pt\/wp-content\/uploads\/2018\/04\/Ger\u00eas-Logotipo-png-270x300.png 270w, https:\/\/geres.pt\/wp-content\/uploads\/2018\/04\/Ger\u00eas-Logotipo-png-768x853.png 768w, https:\/\/geres.pt\/wp-content\/uploads\/2018\/04\/Ger\u00eas-Logotipo-png-922x1024.png 922w, https:\/\/geres.pt\/wp-content\/uploads\/2018\/04\/Ger\u00eas-Logotipo-png.png 1063w\" alt=\"\" width=\"270\" height=\"300\" \/><\/div>\n<\/figure>\n<\/div>\n<\/div>\n<\/div>\n<\/div>\n<\/div>\n<\/div><\/div>[\/vc_column_inner][\/vc_row_inner][vc_empty_space height=&#8221;40px&#8221;][\/vc_column][\/vc_row][vc_row full_width=&#8221;stretch_row_content&#8221;][vc_column width=&#8221;1\/6&#8243;]<div class=\"vc_column-inner \"><div class=\"wpb_wrapper\"><div class=\"tt-category-block custom-hover-image tt-category-block-style2\"><div class=\"tt-category-block-inner bg\" style=\"background-image:url(http:\/\/geres.pt\/wp-content\/uploads\/2018\/04\/foto.photo-Hotel-S-Bento-by-Paulo-Vale_11.jpg);\"><a href=\"http:\/\/geres.pt\/alojamento\/\"><\/a><div class=\"tt-category-text-style2\"><h5 class=\"tt-category-title c-h5\">Alojamento<\/h5><\/div><\/div><\/div><div class=\"empty-space marg-xs-b15\"><\/div><\/div><\/div>[\/vc_column][vc_column width=&#8221;1\/6&#8243;]<div class=\"vc_column-inner \"><div class=\"wpb_wrapper\"><div class=\"tt-category-block custom-hover-image tt-category-block-style2\"><div class=\"tt-category-block-inner bg\" style=\"background-image:url(http:\/\/geres.pt\/wp-content\/uploads\/2018\/04\/3-3.jpg);\"><a href=\"http:\/\/geres.pt\/experiencias\/\"><\/a><div class=\"tt-category-text-style2\"><h5 class=\"tt-category-title c-h5\">Experi\u00eancias<\/h5><\/div><\/div><\/div><div class=\"empty-space marg-xs-b15\"><\/div><\/div><\/div>[\/vc_column][vc_column width=&#8221;1\/6&#8243;]<div class=\"vc_column-inner \"><div class=\"wpb_wrapper\"><div class=\"tt-category-block custom-hover-image tt-category-block-style2\"><div class=\"tt-category-block-inner bg\" style=\"background-image:url(http:\/\/geres.pt\/wp-content\/uploads\/2018\/04\/direct\u00f3rio-restaurantes.jpg);\"><a href=\"http:\/\/geres.pt\/restaurantes\/\"><\/a><div class=\"tt-category-text-style2\"><h5 class=\"tt-category-title c-h5\">Restaurantes<\/h5><\/div><\/div><\/div><div class=\"empty-space marg-xs-b15\"><\/div><\/div><\/div>[\/vc_column][vc_column width=&#8221;1\/6&#8243;]<div class=\"vc_column-inner \"><div class=\"wpb_wrapper\"><div class=\"tt-category-block custom-hover-image tt-category-block-style2\"><div class=\"tt-category-block-inner bg\" style=\"background-image:url(http:\/\/geres.pt\/wp-content\/uploads\/2018\/04\/foto.photo-Hotel-S-Bento-by-Paulo-Vale_4.jpg);\"><a href=\"http:\/\/geres.pt\/comprar\/\"><\/a><div class=\"tt-category-text-style2\"><h5 class=\"tt-category-title c-h5\">Com\u00e9rcio<\/h5><\/div><\/div><\/div><div class=\"empty-space marg-xs-b15\"><\/div><\/div><\/div>[\/vc_column][vc_column width=&#8221;1\/6&#8243;]<div class=\"vc_column-inner \"><div class=\"wpb_wrapper\"><div class=\"tt-category-block custom-hover-image tt-category-block-style2\"><div class=\"tt-category-block-inner bg\" style=\"background-image:url(http:\/\/geres.pt\/wp-content\/uploads\/2018\/04\/foto.photo-Hotel-S-Bento-by-Paulo-Vale_6.jpg);\"><a href=\"http:\/\/geres.pt\/servicos\/\"><\/a><div class=\"tt-category-text-style2\"><h5 class=\"tt-category-title c-h5\">Servi\u00e7os<\/h5><\/div><\/div><\/div><div class=\"empty-space marg-xs-b15\"><\/div><\/div><\/div>[\/vc_column][vc_column width=&#8221;1\/6&#8243;]<div class=\"vc_column-inner \"><div class=\"wpb_wrapper\"><div class=\"tt-category-block custom-hover-image tt-category-block-style2\"><div class=\"tt-category-block-inner bg\" style=\"background-image:url(http:\/\/geres.pt\/wp-content\/uploads\/2018\/02\/\u00c1guas-do-Ger\u00eas-4.jpg);\"><a href=\"http:\/\/geres.pt\/termas\/\"><\/a><div class=\"tt-category-text-style2\"><h5 class=\"tt-category-title c-h5\">\u00c1guas\/Termas<\/h5><\/div><\/div><\/div><div class=\"empty-space marg-xs-b15\"><\/div><\/div><\/div>[\/vc_column][\/vc_row]<\/p>\n","protected":false},"excerpt":{"rendered":"<p>[vc_row full_width=&#8221;stretch_row_content_no_spaces&#8221;][vc_column][rev_slider_vc alias=&#8221;fixed&#8221;][\/vc_column][\/vc_row][vc_row css=&#8221;.vc_custom_1523984383729{padding-top: 20px !important;}&#8221;][vc_column][vc_empty_space height=&#8221;50px&#8221;][vc_custom_heading text=&#8221;ASSOCIA\u00c7\u00c3O GER\u00caS VIVER TURISMO&#8221; font_container=&#8221;tag:h2|font_size:40|text_align:center|color:%230a0a0a&#8221; use_theme_fonts=&#8221;yes&#8221;][vc_empty_space height=&#8221;100px&#8221;][vc_row_inner css=&#8221;.vc_custom_1523984500736{padding-right: 20px !important;padding-left: 20px !important;}&#8221;][vc_column_inner][\/vc_column_inner][\/vc_row_inner][vc_empty_space height=&#8221;10px&#8221;][vc_row_inner css=&#8221;.vc_custom_1523984510510{padding-right: 20px !important;padding-left: 20px !important;}&#8221;][vc_column_inner][\/vc_column_inner][\/vc_row_inner][vc_empty_space height=&#8221;40px&#8221;][\/vc_column][\/vc_row][vc_row full_width=&#8221;stretch_row_content&#8221;][vc_column width=&#8221;1\/6&#8243;][\/vc_column][vc_column width=&#8221;1\/6&#8243;][\/vc_column][vc_column width=&#8221;1\/6&#8243;][\/vc_column][vc_column width=&#8221;1\/6&#8243;][\/vc_column][vc_column width=&#8221;1\/6&#8243;][\/vc_column][vc_column width=&#8221;1\/6&#8243;][\/vc_column][\/vc_row]<\/p>\n","protected":false},"author":11,"featured_media":0,"parent":0,"menu_order":0,"comment_status":"closed","ping_status":"closed","template":"","meta":{"_tribe_blocks_recurrence_rules":"","_tribe_blocks_recurrence_exclusions":"","_tribe_blocks_recurrence_description":""},"_links":{"self":[{"href":"https:\/\/geres.pt\/en\/wp-json\/wp\/v2\/pages\/5269\/"}],"collection":[{"href":"https:\/\/geres.pt\/en\/wp-json\/wp\/v2\/pages\/"}],"about":[{"href":"https:\/\/geres.pt\/en\/wp-json\/wp\/v2\/types\/page\/"}],"author":[{"embeddable":true,"href":"https:\/\/geres.pt\/en\/wp-json\/wp\/v2\/users\/11\/"}],"replies":[{"embeddable":true,"href":"https:\/\/geres.pt\/en\/wp-json\/wp\/v2\/comments\/?post=5269"}],"version-history":[{"count":0,"href":"https:\/\/geres.pt\/en\/wp-json\/wp\/v2\/pages\/5269\/revisions\/"}],"wp:attachment":[{"href":"https:\/\/geres.pt\/en\/wp-json\/wp\/v2\/media\/?parent=5269"}],"curies":[{"name":"wp","href":"https:\/\/api.w.org\/{rel}","templated":true}]}}