{"id":5267,"date":"2019-04-01T15:36:56","date_gmt":"2019-04-01T15:36:56","guid":{"rendered":"https:\/\/geres.pt\/?page_id=5267"},"modified":"2019-04-01T15:36:56","modified_gmt":"2019-04-01T15:36:56","slug":"about-geres-pt","status":"publish","type":"page","link":"https:\/\/geres.pt\/en\/about-geres-pt\/","title":{"rendered":"About Geres.pt"},"content":{"rendered":"<p>[vc_row full_width=&#8221;stretch_row_content_no_spaces&#8221; css=&#8221;.vc_custom_1523875006094{padding-top: 80px !important;background-image: url(http:\/\/geres.pt\/wp-content\/uploads\/2018\/01\/geresvilarinhofurnas-e1486417334249.jpg?id=836) !important;background-position: center !important;background-repeat: no-repeat !important;background-size: cover !important;}&#8221;][vc_column]<div class=\"text-block\" ><div class=\"simple-text size-3\"><h2 style=\"text-align: center;\">SOBRE GERES.PT<\/h2>\n<\/div><\/div>[\/vc_column][\/vc_row][vc_row css=&#8221;.vc_custom_1516816478576{padding-top: 20px !important;}&#8221;][vc_column width=&#8221;1\/6&#8243;][\/vc_column][vc_column width=&#8221;2\/3&#8243;]<div class=\"text-block\" ><div class=\"simple-text size-4\"><div dir=\"ltr\" style=\"text-align: center;\"><span lang=\"pt\" xml:lang=\"pt\"><span class=\"hps\">Inicialmente,<\/span>\u00a0<span class=\"hps\">projecto Geres.pt foi<\/span>\u00a0<span class=\"hps\">planeado para ser<\/span>\u00a0<span class=\"hps\">uma ferramenta de\u00a0<\/span>comunica\u00e7\u00e3o interna\u00a0<span class=\"hps\">da associa\u00e7\u00e3o<\/span>\u00a0<span class=\"hps\">Ger\u00eas<\/span>\u00a0<span class=\"hps\">Viver<\/span>\u00a0<span class=\"hps\">Turismo.<\/span>\u00a0<span class=\"hps\">No entanto<\/span>, decidiu-se\u00a0<span class=\"hps\">transform\u00e1-lo n<\/span><span class=\"hps\">um<\/span>\u00a0website\u00a0<span class=\"hps\">para lhe dar a conhecer<\/span>\u00a0<span class=\"hps\">o Ger\u00eas enquanto destino tur\u00edstico de reconhecido valor em v\u00e1rias dimen<\/span><span class=\"hps\">s\u00f5es.\u00a0<\/span><\/span><\/div>\n<div dir=\"ltr\" style=\"text-align: center;\"><\/div>\n<div dir=\"ltr\" style=\"text-align: center;\"><span lang=\"pt\" xml:lang=\"pt\"><span class=\"hps\">Aqui,<\/span>\u00a0<span class=\"hps\">apresentam-se\u00a0<\/span><span class=\"hps\">produtos e servi\u00e7os,<\/span>\u00a0nomeadamente\u00a0<span class=\"hps\">sugest\u00f5es de alojamento, restaura\u00e7\u00e3o e anima\u00e7\u00e3o tur\u00edstica para<\/span>\u00a0<span class=\"hps\">f\u00e9rias<\/span>\u00a0<span class=\"hps\">ou<\/span>\u00a0<span class=\"hps\">fins-de-semana, bem como com\u00e9rcio e outros servi\u00e7os de que poder\u00e1 necessitar. Tamb\u00e9m,<\/span>\u00a0<span class=\"hps\">not\u00edcias e\u00a0<\/span><span class=\"hps\">informa\u00e7\u00f5es \u00fateis.<\/span><\/span><\/div>\n<div dir=\"ltr\" style=\"text-align: center;\"><span lang=\"pt\" xml:lang=\"pt\"><span class=\"hps\">Bem-vindos ao<\/span>\u00a0<span class=\"hps\">geres.pt<\/span><\/span>!<\/div>\n<\/div><\/div>[vc_empty_space height=&#8221;40px&#8221;][vc_single_image image=&#8221;2665&#8243; img_size=&#8221;medium&#8221; alignment=&#8221;center&#8221;][vc_empty_space height=&#8221;40px&#8221;][\/vc_column][vc_column width=&#8221;1\/6&#8243;][\/vc_column][\/vc_row][vc_row][vc_column][vc_empty_space][\/vc_column][\/vc_row][vc_row full_width=&#8221;stretch_row_content&#8221;][vc_column width=&#8221;1\/6&#8243;]<div class=\"vc_column-inner \"><div class=\"wpb_wrapper\"><div class=\"tt-category-block custom-hover-image tt-category-block-style2\"><div class=\"tt-category-block-inner bg\" style=\"background-image:url(http:\/\/geres.pt\/wp-content\/uploads\/2018\/04\/foto.photo-Hotel-S-Bento-by-Paulo-Vale_11.jpg);\"><a href=\"http:\/\/geres.pt\/alojamento\/\"><\/a><div class=\"tt-category-text-style2\"><h5 class=\"tt-category-title c-h5\">Alojamento<\/h5><\/div><\/div><\/div><div class=\"empty-space marg-xs-b15\"><\/div><\/div><\/div>[\/vc_column][vc_column width=&#8221;1\/6&#8243;]<div class=\"vc_column-inner \"><div class=\"wpb_wrapper\"><div class=\"tt-category-block custom-hover-image tt-category-block-style2\"><div class=\"tt-category-block-inner bg\" style=\"background-image:url(http:\/\/geres.pt\/wp-content\/uploads\/2018\/04\/3-3.jpg);\"><a href=\"http:\/\/geres.pt\/experiencias\/\"><\/a><div class=\"tt-category-text-style2\"><h5 class=\"tt-category-title c-h5\">Experi\u00eancias<\/h5><\/div><\/div><\/div><div class=\"empty-space marg-xs-b15\"><\/div><\/div><\/div>[\/vc_column][vc_column width=&#8221;1\/6&#8243;]<div class=\"vc_column-inner \"><div class=\"wpb_wrapper\"><div class=\"tt-category-block custom-hover-image tt-category-block-style2\"><div class=\"tt-category-block-inner bg\" style=\"background-image:url(http:\/\/geres.pt\/wp-content\/uploads\/2018\/04\/direct\u00f3rio-restaurantes.jpg);\"><a href=\"http:\/\/geres.pt\/restaurantes\/\"><\/a><div class=\"tt-category-text-style2\"><h5 class=\"tt-category-title c-h5\">Restaurantes<\/h5><\/div><\/div><\/div><div class=\"empty-space marg-xs-b15\"><\/div><\/div><\/div>[\/vc_column][vc_column width=&#8221;1\/6&#8243;]<div class=\"vc_column-inner \"><div class=\"wpb_wrapper\"><div class=\"tt-category-block custom-hover-image tt-category-block-style2\"><div class=\"tt-category-block-inner bg\" style=\"background-image:url(http:\/\/geres.pt\/wp-content\/uploads\/2018\/04\/foto.photo-Hotel-S-Bento-by-Paulo-Vale_4.jpg);\"><a href=\"http:\/\/geres.pt\/comprar\/\"><\/a><div class=\"tt-category-text-style2\"><h5 class=\"tt-category-title c-h5\">Com\u00e9rcio<\/h5><\/div><\/div><\/div><div class=\"empty-space marg-xs-b15\"><\/div><\/div><\/div>[\/vc_column][vc_column width=&#8221;1\/6&#8243;]<div class=\"vc_column-inner \"><div class=\"wpb_wrapper\"><div class=\"tt-category-block custom-hover-image tt-category-block-style2\"><div class=\"tt-category-block-inner bg\" style=\"background-image:url(http:\/\/geres.pt\/wp-content\/uploads\/2018\/04\/foto.photo-Hotel-S-Bento-by-Paulo-Vale_6.jpg);\"><a href=\"http:\/\/geres.pt\/servicos\/\"><\/a><div class=\"tt-category-text-style2\"><h5 class=\"tt-category-title c-h5\">Servi\u00e7os<\/h5><\/div><\/div><\/div><div class=\"empty-space marg-xs-b15\"><\/div><\/div><\/div>[\/vc_column][vc_column width=&#8221;1\/6&#8243;]<div class=\"vc_column-inner \"><div class=\"wpb_wrapper\"><div class=\"tt-category-block custom-hover-image tt-category-block-style2\"><div class=\"tt-category-block-inner bg\" style=\"background-image:url(http:\/\/geres.pt\/wp-content\/uploads\/2018\/02\/\u00c1guas-do-Ger\u00eas-4.jpg);\"><a href=\"http:\/\/geres.pt\/termas\/\"><\/a><div class=\"tt-category-text-style2\"><h5 class=\"tt-category-title c-h5\">\u00c1guas\/Termas<\/h5><\/div><\/div><\/div><div class=\"empty-space marg-xs-b15\"><\/div><\/div><\/div>[\/vc_column][\/vc_row]<\/p>\n","protected":false},"excerpt":{"rendered":"<p>[vc_row full_width=&#8221;stretch_row_content_no_spaces&#8221; css=&#8221;.vc_custom_1523875006094{padding-top: 80px !important;background-image: url(http:\/\/geres.pt\/wp-content\/uploads\/2018\/01\/geresvilarinhofurnas-e1486417334249.jpg?id=836) !important;background-position: center !important;background-repeat: no-repeat !important;background-size: cover !important;}&#8221;][vc_column][\/vc_column][\/vc_row][vc_row css=&#8221;.vc_custom_1516816478576{padding-top: 20px !important;}&#8221;][vc_column width=&#8221;1\/6&#8243;][\/vc_column][vc_column width=&#8221;2\/3&#8243;][vc_empty_space height=&#8221;40px&#8221;][vc_single_image image=&#8221;2665&#8243; img_size=&#8221;medium&#8221; alignment=&#8221;center&#8221;][vc_empty_space height=&#8221;40px&#8221;][\/vc_column][vc_column width=&#8221;1\/6&#8243;][\/vc_column][\/vc_row][vc_row][vc_column][vc_empty_space][\/vc_column][\/vc_row][vc_row full_width=&#8221;stretch_row_content&#8221;][vc_column width=&#8221;1\/6&#8243;][\/vc_column][vc_column width=&#8221;1\/6&#8243;][\/vc_column][vc_column width=&#8221;1\/6&#8243;][\/vc_column][vc_column width=&#8221;1\/6&#8243;][\/vc_column][vc_column width=&#8221;1\/6&#8243;][\/vc_column][vc_column width=&#8221;1\/6&#8243;][\/vc_column][\/vc_row]<\/p>\n","protected":false},"author":11,"featured_media":0,"parent":0,"menu_order":0,"comment_status":"closed","ping_status":"closed","template":"","meta":{"_tribe_blocks_recurrence_rules":"","_tribe_blocks_recurrence_exclusions":"","_tribe_blocks_recurrence_description":""},"_links":{"self":[{"href":"https:\/\/geres.pt\/en\/wp-json\/wp\/v2\/pages\/5267\/"}],"collection":[{"href":"https:\/\/geres.pt\/en\/wp-json\/wp\/v2\/pages\/"}],"about":[{"href":"https:\/\/geres.pt\/en\/wp-json\/wp\/v2\/types\/page\/"}],"author":[{"embeddable":true,"href":"https:\/\/geres.pt\/en\/wp-json\/wp\/v2\/users\/11\/"}],"replies":[{"embeddable":true,"href":"https:\/\/geres.pt\/en\/wp-json\/wp\/v2\/comments\/?post=5267"}],"version-history":[{"count":0,"href":"https:\/\/geres.pt\/en\/wp-json\/wp\/v2\/pages\/5267\/revisions\/"}],"wp:attachment":[{"href":"https:\/\/geres.pt\/en\/wp-json\/wp\/v2\/media\/?parent=5267"}],"curies":[{"name":"wp","href":"https:\/\/api.w.org\/{rel}","templated":true}]}}