{"id":5266,"date":"2019-04-01T15:34:11","date_gmt":"2019-04-01T15:34:11","guid":{"rendered":"https:\/\/geres.pt\/?page_id=5266"},"modified":"2019-04-01T15:34:11","modified_gmt":"2019-04-01T15:34:11","slug":"privacy-policy","status":"publish","type":"page","link":"https:\/\/geres.pt\/en\/privacy-policy\/","title":{"rendered":"Privacy Policy"},"content":{"rendered":"<p>[vc_row full_width=&#8221;stretch_row_content_no_spaces&#8221;][vc_column][rev_slider_vc alias=&#8221;fixed&#8221;][\/vc_column][\/vc_row][vc_row css=&#8221;.vc_custom_1523290119472{padding-top: 20px !important;padding-right: 80px !important;padding-left: 80px !important;}&#8221;][vc_column][vc_empty_space height=&#8221;20px&#8221;][vc_custom_heading text=&#8221;POL\u00cdTICA DE PRIVACIDADE&#8221; font_container=&#8221;tag:h2|font_size:40|text_align:center|color:%230a0a0a&#8221; use_theme_fonts=&#8221;yes&#8221;][vc_empty_space]<div class=\"text-block\" ><div class=\"simple-text size-4\"><ul>\n<li>Este\u00a0<em>website<\/em>\u00a0possui uma forma de identifica\u00e7\u00e3o dos seus utilizadores atrav\u00e9s da recolha de dados no momento em que estes colocam um coment\u00e1rio a um artigo.<\/li>\n<li>A coloca\u00e7\u00e3o de mensagens no F\u00f3rum deste\u00a0<em>website<\/em>\u00a0requer o registo dos utilizadores.<\/li>\n<\/ul>\n<ul>\n<li>Os dados fornecidos como descrito nos pontos anteriores s\u00e3o facultados de forma volunt\u00e1ria por parte do utilizador e destinam-se ao uso exclusivo do\u00a0<em>website<\/em>, n\u00e3o sendo nunca fornecidos a terceiros, excepto nos casos de imposi\u00e7\u00e3o legal, protec\u00e7\u00e3o legal ou em procedimentos resultantes de conduta impr\u00f3pria do membro em causa.<\/li>\n<\/ul>\n<ul>\n<li>De acordo com a legisla\u00e7\u00e3o Portuguesa, todos os utilizadores t\u00eam direito a aceder, actualizar, rectificar ou apagar os seus dados de registo, devendo, caso n\u00e3o conseguirem faze-lo, contactar a administra\u00e7\u00e3o do respectivo\u00a0<em>website<\/em>.<\/li>\n<\/ul>\n<ul>\n<li>Com o objectivo de prestar um servi\u00e7o personalizado, o\u00a0<em>website<\/em>\u00a0ou algum dos anunciantes podem utilizar \u201ccookies\u201d para recolher e guardar informa\u00e7\u00f5es relativas \u00e0s prefer\u00eancias dos utilizadores. Um \u201ccookie\u201d \u00e9 pequeno ficheiro informativo que \u00e9 colocado no seu computador e que permite ao\u00a0<em>website<\/em>\u201clembrar-se\u201d das escolhas, datas e percursos anteriormente efectuados pelo utilizador no\u00a0<em>website<\/em>. Este ficheiro n\u00e3o recolhe de forma alguma qualquer informa\u00e7\u00e3o pessoal do computador do utilizador para nosso uso.<\/li>\n<li>Nas p\u00e1ginas contendo publicidade, \u201ccookies\u201d e\/ou \u201cweb beacons\u201d podem ser utilizados. Nestes casos, os \u201ccookies\u201d podem ser originados a partir de servidores terceiros que prestam servi\u00e7os publicit\u00e1rios e instalam \u201ccookies\u201d e\/ou \u201cweb beacons\u201d (por exemplo, os \u201ccookies\u201d que s\u00e3o utilizados para veicular servi\u00e7os de publicidade ou certos conte\u00fados atrav\u00e9s dos quais o utilizador visualiza a publicidade ou conte\u00fados em tempo pr\u00e9 determinados).<\/li>\n<li>Se o utilizador assim o desejar, pode pesquisar no disco do seu computador pelos \u201ccookies\u201d ou mesmo impedir a grava\u00e7\u00e3o desses \u201ccookies\u201d no seu computador configurando o seu navegador para o efeito, sabendo que isso pode resultar numa dificuldade na interac\u00e7\u00e3o entre o\u00a0<em>website<\/em>\u00a0e o visitante. As informa\u00e7\u00f5es sobre a configura\u00e7\u00e3o do navegador ou sistema operativo, dever\u00e1 estar dispon\u00edveis nos respectivos manuais.<\/li>\n<li>A presente pol\u00edtica de privacidade aplica-se a todo o\u00a0<em>website<\/em>\u00a0e pode ser alterada sem necessidade de aviso pr\u00e9vio aos utilizadores.<\/li>\n<\/ul>\n<ul>\n<li>Todo o utilizador dos servi\u00e7os disponibilizados neste\u00a0<em>website<\/em>\u00a0est\u00e1 sujeito \u00e0 aceita\u00e7\u00e3o e respeito pelas condi\u00e7\u00f5es aqui referidas.<\/li>\n<\/ul>\n<p>Para qualquer esclarecimento adicional sobre a Pol\u00edtica de Privacidade ou Termos de Utiliza\u00e7\u00e3o deste\u00a0<em>website<\/em>, por favor\u00a0<span style=\"color: #13a538;\"><a style=\"color: #13a538;\" href=\"http:\/\/geres.pt\/contact\/\">contacte-nos<\/a><\/span>.<\/p>\n<\/div><\/div>[vc_empty_space height=&#8221;40px&#8221;][vc_empty_space height=&#8221;40px&#8221;][\/vc_column][\/vc_row][vc_row full_width=&#8221;stretch_row_content&#8221;][vc_column width=&#8221;1\/6&#8243;]<div class=\"vc_column-inner \"><div class=\"wpb_wrapper\"><div class=\"tt-category-block custom-hover-image tt-category-block-style2\"><div class=\"tt-category-block-inner bg\" style=\"background-image:url(http:\/\/geres.pt\/wp-content\/uploads\/2018\/04\/foto.photo-Hotel-S-Bento-by-Paulo-Vale_11.jpg);\"><a href=\"http:\/\/geres.pt\/alojamento\/\"><\/a><div class=\"tt-category-text-style2\"><h5 class=\"tt-category-title c-h5\">Alojamento<\/h5><\/div><\/div><\/div><div class=\"empty-space marg-xs-b15\"><\/div><\/div><\/div>[\/vc_column][vc_column width=&#8221;1\/6&#8243;]<div class=\"vc_column-inner \"><div class=\"wpb_wrapper\"><div class=\"tt-category-block custom-hover-image tt-category-block-style2\"><div class=\"tt-category-block-inner bg\" style=\"background-image:url(http:\/\/geres.pt\/wp-content\/uploads\/2018\/04\/3-3.jpg);\"><a href=\"http:\/\/geres.pt\/experiencias\/\"><\/a><div class=\"tt-category-text-style2\"><h5 class=\"tt-category-title c-h5\">Experi\u00eancias<\/h5><\/div><\/div><\/div><div class=\"empty-space marg-xs-b15\"><\/div><\/div><\/div>[\/vc_column][vc_column width=&#8221;1\/6&#8243;]<div class=\"vc_column-inner \"><div class=\"wpb_wrapper\"><div class=\"tt-category-block custom-hover-image tt-category-block-style2\"><div class=\"tt-category-block-inner bg\" style=\"background-image:url(http:\/\/geres.pt\/wp-content\/uploads\/2018\/04\/direct\u00f3rio-restaurantes.jpg);\"><a href=\"http:\/\/geres.pt\/restaurantes\/\"><\/a><div class=\"tt-category-text-style2\"><h5 class=\"tt-category-title c-h5\">Restaurantes<\/h5><\/div><\/div><\/div><div class=\"empty-space marg-xs-b15\"><\/div><\/div><\/div>[\/vc_column][vc_column width=&#8221;1\/6&#8243;]<div class=\"vc_column-inner \"><div class=\"wpb_wrapper\"><div class=\"tt-category-block custom-hover-image tt-category-block-style2\"><div class=\"tt-category-block-inner bg\" style=\"background-image:url(http:\/\/geres.pt\/wp-content\/uploads\/2018\/04\/foto.photo-Hotel-S-Bento-by-Paulo-Vale_4.jpg);\"><a href=\"http:\/\/geres.pt\/comprar\/\"><\/a><div class=\"tt-category-text-style2\"><h5 class=\"tt-category-title c-h5\">Com\u00e9rcio<\/h5><\/div><\/div><\/div><div class=\"empty-space marg-xs-b15\"><\/div><\/div><\/div>[\/vc_column][vc_column width=&#8221;1\/6&#8243;]<div class=\"vc_column-inner \"><div class=\"wpb_wrapper\"><div class=\"tt-category-block custom-hover-image tt-category-block-style2\"><div class=\"tt-category-block-inner bg\" style=\"background-image:url(http:\/\/geres.pt\/wp-content\/uploads\/2018\/04\/foto.photo-Hotel-S-Bento-by-Paulo-Vale_6.jpg);\"><a href=\"http:\/\/geres.pt\/servicos\/\"><\/a><div class=\"tt-category-text-style2\"><h5 class=\"tt-category-title c-h5\">Servi\u00e7os<\/h5><\/div><\/div><\/div><div class=\"empty-space marg-xs-b15\"><\/div><\/div><\/div>[\/vc_column][vc_column width=&#8221;1\/6&#8243;]<div class=\"vc_column-inner \"><div class=\"wpb_wrapper\"><div class=\"tt-category-block custom-hover-image tt-category-block-style2\"><div class=\"tt-category-block-inner bg\" style=\"background-image:url(http:\/\/geres.pt\/wp-content\/uploads\/2018\/02\/\u00c1guas-do-Ger\u00eas-4.jpg);\"><a href=\"http:\/\/geres.pt\/termas\/\"><\/a><div class=\"tt-category-text-style2\"><h5 class=\"tt-category-title c-h5\">\u00c1guas\/Termas<\/h5><\/div><\/div><\/div><div class=\"empty-space marg-xs-b15\"><\/div><\/div><\/div>[\/vc_column][\/vc_row]<\/p>\n","protected":false},"excerpt":{"rendered":"<p>[vc_row full_width=&#8221;stretch_row_content_no_spaces&#8221;][vc_column][rev_slider_vc alias=&#8221;fixed&#8221;][\/vc_column][\/vc_row][vc_row css=&#8221;.vc_custom_1523290119472{padding-top: 20px !important;padding-right: 80px !important;padding-left: 80px !important;}&#8221;][vc_column][vc_empty_space height=&#8221;20px&#8221;][vc_custom_heading text=&#8221;POL\u00cdTICA DE PRIVACIDADE&#8221; font_container=&#8221;tag:h2|font_size:40|text_align:center|color:%230a0a0a&#8221; use_theme_fonts=&#8221;yes&#8221;][vc_empty_space][vc_empty_space height=&#8221;40px&#8221;][vc_empty_space height=&#8221;40px&#8221;][\/vc_column][\/vc_row][vc_row full_width=&#8221;stretch_row_content&#8221;][vc_column width=&#8221;1\/6&#8243;][\/vc_column][vc_column width=&#8221;1\/6&#8243;][\/vc_column][vc_column width=&#8221;1\/6&#8243;][\/vc_column][vc_column width=&#8221;1\/6&#8243;][\/vc_column][vc_column width=&#8221;1\/6&#8243;][\/vc_column][vc_column width=&#8221;1\/6&#8243;][\/vc_column][\/vc_row]<\/p>\n","protected":false},"author":11,"featured_media":0,"parent":0,"menu_order":0,"comment_status":"closed","ping_status":"closed","template":"","meta":{"_tribe_blocks_recurrence_rules":"","_tribe_blocks_recurrence_exclusions":"","_tribe_blocks_recurrence_description":""},"_links":{"self":[{"href":"https:\/\/geres.pt\/en\/wp-json\/wp\/v2\/pages\/5266\/"}],"collection":[{"href":"https:\/\/geres.pt\/en\/wp-json\/wp\/v2\/pages\/"}],"about":[{"href":"https:\/\/geres.pt\/en\/wp-json\/wp\/v2\/types\/page\/"}],"author":[{"embeddable":true,"href":"https:\/\/geres.pt\/en\/wp-json\/wp\/v2\/users\/11\/"}],"replies":[{"embeddable":true,"href":"https:\/\/geres.pt\/en\/wp-json\/wp\/v2\/comments\/?post=5266"}],"version-history":[{"count":0,"href":"https:\/\/geres.pt\/en\/wp-json\/wp\/v2\/pages\/5266\/revisions\/"}],"wp:attachment":[{"href":"https:\/\/geres.pt\/en\/wp-json\/wp\/v2\/media\/?parent=5266"}],"curies":[{"name":"wp","href":"https:\/\/api.w.org\/{rel}","templated":true}]}}