{"id":5265,"date":"2019-04-01T15:33:36","date_gmt":"2019-04-01T15:33:36","guid":{"rendered":"https:\/\/geres.pt\/?page_id=5265"},"modified":"2021-03-04T17:49:15","modified_gmt":"2021-03-04T17:49:15","slug":"places-to-visit","status":"publish","type":"page","link":"https:\/\/geres.pt\/en\/places-to-visit\/","title":{"rendered":"Places to Visit"},"content":{"rendered":"<p>[vc_row full_width=&#8221;stretch_row&#8221;][vc_column][vc_empty_space height=&#8221;80px&#8221;][vc_custom_heading text=&#8221;PLACES TO VISIT IN GER\u00caS&#8221; font_container=&#8221;tag:h2|font_size:40|text_align:center|color:%230a0a0a&#8221; use_theme_fonts=&#8221;yes&#8221;][vc_empty_space height=&#8221;80px&#8221;][\/vc_column][\/vc_row][vc_row css=&#8221;.vc_custom_1523956027330{padding-bottom: 50px !important;}&#8221;][vc_column width=&#8221;1\/3&#8243;][vc_single_image image=&#8221;1756&#8243; img_size=&#8221;&#8221;][\/vc_column][vc_column width=&#8221;2\/3&#8243;][vc_custom_heading text=&#8221;S. Bento da Porta Aberta&#8221; font_container=&#8221;tag:h2|font_size:20|text_align:left&#8221; use_theme_fonts=&#8221;yes&#8221; css=&#8221;.vc_custom_1523912331238{padding-top: 10px !important;padding-bottom: 10px !important;}&#8221;]<div class=\"text-block\" ><div class=\"simple-text \"><p>Terras de Bouro has one of the most important religious heritage sites, with hundreds of years of tradition \u2013 S. Bento da Porta Aberta. The cult originated with the construction of small hermitage in 1614. At that time, this chapel had a small porch and the doors were always open, so it served as refuge to all those who passed by. In April 2015, the title of Basilica was granted by the Holy See to the Sanctuary of St. Bento. This title is awarded for their antiquity and\/or for being major centres of devotion and pilgrimage.<\/p>\n<\/div><\/div>[\/vc_column][\/vc_row][vc_row css=&#8221;.vc_custom_1523956044831{padding-bottom: 50px !important;}&#8221;][vc_column width=&#8221;1\/3&#8243;][vc_single_image image=&#8221;2512&#8243; img_size=&#8221;&#8221;][\/vc_column][vc_column width=&#8221;2\/3&#8243;][vc_custom_heading text=&#8221;Geira Museum&#8221; font_container=&#8221;tag:h2|font_size:20|text_align:left&#8221; use_theme_fonts=&#8221;yes&#8221; css=&#8221;.vc_custom_1614879612945{padding-top: 10px !important;padding-bottom: 10px !important;}&#8221;]<div class=\"text-block\" ><div class=\"simple-text \"><p>It is located in the N\u00facleo Museol\u00f3gico, in the village of Campo do Ger\u00eas, the Geira Museum was built from scratch and inaugurated in June 2013, having a programme focused on Roman road construction techniques, as well as the transport used at the time. The municipality of Terras de Bouro preserves a 30-kilometre route of this old road. The museum is structured in four thematic rooms, an auditorium and cabinets for archaeological studies.<\/p>\n<\/div><\/div>[\/vc_column][\/vc_row][vc_row css=&#8221;.vc_custom_1523956049607{padding-bottom: 50px !important;}&#8221;][vc_column width=&#8221;1\/3&#8243;][vc_single_image image=&#8221;2513&#8243; img_size=&#8221;&#8221;][\/vc_column][vc_column width=&#8221;2\/3&#8243;][vc_custom_heading text=&#8221;Ethnographic Museum of Vilarinho da Furna&#8221; font_container=&#8221;tag:h2|font_size:20|text_align:left&#8221; use_theme_fonts=&#8221;yes&#8221; css=&#8221;.vc_custom_1614879632441{padding-top: 10px !important;padding-bottom: 10px !important;}&#8221;]<div class=\"text-block\" ><div class=\"simple-text \"><p>The Ethnographic Museum is a creation manifested by the former inhabitants of the extinct community village of Vilarinho da Furna. In 1981 the municipality of Terras de Bouro started its construction, based on the use of raw material from the village. The museum was inaugurated on 14th\u00a0May 1989 and is a popular architectural building in traditional \u201calvenaria\u201d, whose final design fits in with the built culture of the village of Campo do Ger\u00eas.<\/p>\n<\/div><\/div>[\/vc_column][\/vc_row][vc_row css=&#8221;.vc_custom_1523956094019{padding-bottom: 60px !important;}&#8221;][vc_column width=&#8221;1\/3&#8243;][vc_single_image image=&#8221;856&#8243; img_size=&#8221;&#8221;][\/vc_column][vc_column width=&#8221;2\/3&#8243;][vc_custom_heading text=&#8221;Via Nova \/ Geira Romana&#8221; font_container=&#8221;tag:h2|font_size:20|text_align:left&#8221; use_theme_fonts=&#8221;yes&#8221; css=&#8221;.vc_custom_1523912385619{padding-top: 10px !important;padding-bottom: 10px !important;}&#8221;]<div class=\"text-block\" ><div class=\"simple-text \"><p>Geira is the name by which it is known the communication route, built by the Roman Empire, in the Flavian dynasty, that linked Braga to Astorga and that passes through the municipality of Terras de Bouro in an extension of about 30 km (miles XIV and XXXIV), because, apart from the various uses for which they were used, the most important was, without doubt, the passage of their armies, at a time when conquests were of utmost importance for the growth and maintenance of the empire. One of the most significant stretches it is in Mata de Albergaria, Terras de Bouro.<\/p>\n<\/div><\/div>[\/vc_column][\/vc_row][vc_row css=&#8221;.vc_custom_1523956060521{padding-bottom: 50px !important;}&#8221;][vc_column width=&#8221;1\/3&#8243; el_class=&#8221;Mata de Albergaria&#8221;][vc_single_image image=&#8221;2516&#8243; img_size=&#8221;&#8221;][\/vc_column][vc_column width=&#8221;2\/3&#8243;][vc_custom_heading text=&#8221;Mata de Albergaria&#8221; font_container=&#8221;tag:h2|font_size:20|text_align:left&#8221; use_theme_fonts=&#8221;yes&#8221; css=&#8221;.vc_custom_1523913314208{padding-top: 10px !important;padding-bottom: 10px !important;}&#8221;]<div class=\"text-block\" ><div class=\"simple-text \"><p>The Mata da Albergaria is one of the most important woods in the Peneda-Ger\u00eas National Park, consisting predominantly of a centuries-old oak grove, which includes species characteristic of the flora and fauna of the area. It also preserves a way of the Via Romana \u2013 Geira \u2013 with the ruins of their bridges and a set of milestones.<\/p>\n<\/div><\/div>[\/vc_column][\/vc_row][vc_row css=&#8221;.vc_custom_1523956060521{padding-bottom: 50px !important;}&#8221;][vc_column width=&#8221;1\/3&#8243; el_class=&#8221;Mata de Albergaria&#8221;][vc_single_image image=&#8221;1731&#8243; img_size=&#8221;&#8221;][\/vc_column][vc_column width=&#8221;2\/3&#8243;][vc_custom_heading text=&#8221;Marina do Rio Caldo \/ Cani\u00e7ada Resevoir&#8221; font_container=&#8221;tag:h2|font_size:20|text_align:left&#8221; use_theme_fonts=&#8221;yes&#8221; css=&#8221;.vc_custom_1614879777919{padding-top: 10px !important;padding-bottom: 10px !important;}&#8221;]<div class=\"text-block\" ><div class=\"simple-text \"><p>The Marina do Rio Caldo and all the surroundings of the Cani\u00e7ada Dam are the target of a lot of demand, either for their beautiful landscapes, or for the conditions that this area offers for nautical sports. There are almost 700 hectares of navigable water.<\/p>\n<\/div><\/div>[\/vc_column][\/vc_row][vc_row css=&#8221;.vc_custom_1523956060521{padding-bottom: 50px !important;}&#8221;][vc_column width=&#8221;1\/3&#8243; el_class=&#8221;Mata de Albergaria&#8221;][vc_single_image image=&#8221;1733&#8243; img_size=&#8221;&#8221;][\/vc_column][vc_column width=&#8221;2\/3&#8243;][vc_custom_heading text=&#8221;Santa Isabel do Monte&#8221; font_container=&#8221;tag:h2|font_size:20|text_align:left&#8221; use_theme_fonts=&#8221;yes&#8221; css=&#8221;.vc_custom_1524521059379{padding-top: 10px !important;padding-bottom: 10px !important;}&#8221;]<div class=\"text-block\" ><div class=\"simple-text \"><p>Santa Isabel do Monte is a mountainous territory where abrupt slopes descend over the narrow valley of the Ribeira de Freitas. Despite its rough and apparently &#8220;natural&#8221; appearance, it is a humanised landscape dating back to the IV and III millennia B.C., as testified by various archaeological remains. Nowadays, it sustains several population centres with a traditional agro-silvo-pastoral economy.<\/p>\n<\/div><\/div>[\/vc_column][\/vc_row][vc_row css=&#8221;.vc_custom_1523956060521{padding-bottom: 50px !important;}&#8221;][vc_column width=&#8221;1\/3&#8243; el_class=&#8221;Mata de Albergaria&#8221;][vc_single_image image=&#8221;3151&#8243; img_size=&#8221;&#8221;][\/vc_column][vc_column width=&#8221;2\/3&#8243;][vc_custom_heading text=&#8221;Campo do Ger\u00eas&#8221; font_container=&#8221;tag:h2|font_size:20|text_align:left&#8221; use_theme_fonts=&#8221;yes&#8221; css=&#8221;.vc_custom_1524521681482{padding-top: 10px !important;padding-bottom: 10px !important;}&#8221;]<div class=\"text-block\" ><div class=\"simple-text \"><p>Campo do Ger\u00eas, ancient medieval church, is located on the left bank of the Homem River, in the middle of the Serra do Ger\u00eas, and borders with the no less ancient church of Covide, with the municipality of Ponte da Barca and neighbouring Galicia. Shows excellent examples of rural mountain architecture and some \u201ccanastros\u201d with their crosses on top, or some customary timbered balconies, open to the patio.<\/p>\n<\/div><\/div>[\/vc_column][\/vc_row][vc_row css=&#8221;.vc_custom_1523956060521{padding-bottom: 50px !important;}&#8221;][vc_column width=&#8221;1\/3&#8243; el_class=&#8221;Mata de Albergaria&#8221;][vc_single_image image=&#8221;1751&#8243; img_size=&#8221;&#8221;][\/vc_column][vc_column width=&#8221;2\/3&#8243;][vc_custom_heading text=&#8221;Ermida&#8221; font_container=&#8221;tag:h2|font_size:20|text_align:left&#8221; use_theme_fonts=&#8221;yes&#8221; css=&#8221;.vc_custom_1524522842621{padding-top: 10px !important;padding-bottom: 10px !important;}&#8221;]<div class=\"text-block\" ><div class=\"simple-text \"><p>Ermida is a mountain village with an important pastoral tradition, where livestock has an important value on the local economy. Around the village there are several poles of tourist attractions, such as the Arado waterfall and the Pedra Bela pointview. It is a village where strong community roots still remain.<\/p>\n<\/div><\/div>[\/vc_column][\/vc_row][vc_row css=&#8221;.vc_custom_1523956060521{padding-bottom: 50px !important;}&#8221;][vc_column width=&#8221;1\/3&#8243; el_class=&#8221;Mata de Albergaria&#8221;][vc_single_image image=&#8221;1734&#8243; img_size=&#8221;&#8221;][\/vc_column][vc_column width=&#8221;2\/3&#8243;][vc_custom_heading text=&#8221;Vilarinho da Furna&#8221; font_container=&#8221;tag:h2|font_size:20|text_align:left&#8221; use_theme_fonts=&#8221;yes&#8221; css=&#8221;.vc_custom_1524523180838{padding-top: 10px !important;padding-bottom: 10px !important;}&#8221;]<div class=\"text-block\" ><div class=\"simple-text \"><p>Vilarinho da Furna, in the singular, as in all official and legal documents, it is an ancient village in the municipality of Terras de Bouro located between the Amarela and Ger\u00eas mountains. Being submerged by the force of the waters after was built a dam in May 1972.<\/p>\n<\/div><\/div>[\/vc_column][\/vc_row]<\/p>\n","protected":false},"excerpt":{"rendered":"<p>[vc_row full_width=&#8221;stretch_row&#8221;][vc_column][vc_empty_space height=&#8221;80px&#8221;][vc_custom_heading text=&#8221;PLACES TO VISIT IN GER\u00caS&#8221; font_container=&#8221;tag:h2|font_size:40|text_align:center|color:%230a0a0a&#8221; use_theme_fonts=&#8221;yes&#8221;][vc_empty_space height=&#8221;80px&#8221;][\/vc_column][\/vc_row][vc_row css=&#8221;.vc_custom_1523956027330{padding-bottom: 50px !important;}&#8221;][vc_column width=&#8221;1\/3&#8243;][vc_single_image image=&#8221;1756&#8243; img_size=&#8221;&#8221;][\/vc_column][vc_column width=&#8221;2\/3&#8243;][vc_custom_heading text=&#8221;S. Bento da Porta Aberta&#8221; font_container=&#8221;tag:h2|font_size:20|text_align:left&#8221; use_theme_fonts=&#8221;yes&#8221; css=&#8221;.vc_custom_1523912331238{padding-top: 10px !important;padding-bottom: 10px !important;}&#8221;][\/vc_column][\/vc_row][vc_row css=&#8221;.vc_custom_1523956044831{padding-bottom: 50px !important;}&#8221;][vc_column width=&#8221;1\/3&#8243;][vc_single_image image=&#8221;2512&#8243; img_size=&#8221;&#8221;][\/vc_column][vc_column width=&#8221;2\/3&#8243;][vc_custom_heading text=&#8221;Geira Museum&#8221; font_container=&#8221;tag:h2|font_size:20|text_align:left&#8221; use_theme_fonts=&#8221;yes&#8221; css=&#8221;.vc_custom_1614879612945{padding-top: 10px !important;padding-bottom: 10px !important;}&#8221;][\/vc_column][\/vc_row][vc_row css=&#8221;.vc_custom_1523956049607{padding-bottom: 50px !important;}&#8221;][vc_column width=&#8221;1\/3&#8243;][vc_single_image image=&#8221;2513&#8243; img_size=&#8221;&#8221;][\/vc_column][vc_column width=&#8221;2\/3&#8243;][vc_custom_heading text=&#8221;Ethnographic Museum [&hellip;]<\/p>\n","protected":false},"author":11,"featured_media":0,"parent":0,"menu_order":0,"comment_status":"closed","ping_status":"closed","template":"","meta":{"_tribe_blocks_recurrence_rules":"","_tribe_blocks_recurrence_exclusions":"","_tribe_blocks_recurrence_description":""},"_links":{"self":[{"href":"https:\/\/geres.pt\/en\/wp-json\/wp\/v2\/pages\/5265\/"}],"collection":[{"href":"https:\/\/geres.pt\/en\/wp-json\/wp\/v2\/pages\/"}],"about":[{"href":"https:\/\/geres.pt\/en\/wp-json\/wp\/v2\/types\/page\/"}],"author":[{"embeddable":true,"href":"https:\/\/geres.pt\/en\/wp-json\/wp\/v2\/users\/11\/"}],"replies":[{"embeddable":true,"href":"https:\/\/geres.pt\/en\/wp-json\/wp\/v2\/comments\/?post=5265"}],"version-history":[{"count":0,"href":"https:\/\/geres.pt\/en\/wp-json\/wp\/v2\/pages\/5265\/revisions\/"}],"wp:attachment":[{"href":"https:\/\/geres.pt\/en\/wp-json\/wp\/v2\/media\/?parent=5265"}],"curies":[{"name":"wp","href":"https:\/\/api.w.org\/{rel}","templated":true}]}}