{"id":5262,"date":"2019-04-01T15:29:59","date_gmt":"2019-04-01T15:29:59","guid":{"rendered":"https:\/\/geres.pt\/?page_id=5262"},"modified":"2019-04-01T15:29:59","modified_gmt":"2019-04-01T15:29:59","slug":"list-of-members","status":"publish","type":"page","link":"https:\/\/geres.pt\/en\/list-of-members\/","title":{"rendered":"List of Members"},"content":{"rendered":"<p>[vc_row full_width=&#8221;stretch_row_content_no_spaces&#8221;][vc_column][rev_slider_vc alias=&#8221;fixed&#8221;][\/vc_column][\/vc_row][vc_row css=&#8221;.vc_custom_1523984383729{padding-top: 20px !important;}&#8221;][vc_column][vc_empty_space height=&#8221;30px&#8221;][vc_custom_heading text=&#8221;LISTAGEM DE ASSOCIADOS&#8221; font_container=&#8221;tag:h2|font_size:40|text_align:center|color:%230a0a0a&#8221; use_theme_fonts=&#8221;yes&#8221;][vc_empty_space height=&#8221;100px&#8221;][vc_row_inner css=&#8221;.vc_custom_1523984500736{padding-right: 20px !important;padding-left: 20px !important;}&#8221;][vc_column_inner]<div class=\"text-block\" ><div class=\"simple-text size-4\"><p>As empresas\u00a0associadas da Ger\u00eas Viver Turismo &#8211; Associa\u00e7\u00e3o de Defesa e Promo\u00e7\u00e3o do Ger\u00eas s\u00e3o de diversas tipologias, mas todas relacionadas com o sector tur\u00edstico do concelho de Terras de Bouro. Consulte aqui a listagem de associados (documento dispon\u00edvel para download).<\/p>\n<\/div><\/div>[\/vc_column_inner][\/vc_row_inner][vc_empty_space height=&#8221;30px&#8221;][\/vc_column][\/vc_row][vc_row][vc_column][vc_row_inner css=&#8221;.vc_custom_1523352471433{background-color: #f9f9f9 !important;}&#8221;][vc_column_inner width=&#8221;1\/3&#8243;][vc_custom_heading text=&#8221;Anexo&#8221; font_container=&#8221;tag:h2|font_size:20|text_align:left|color:%23000000&#8243; use_theme_fonts=&#8221;yes&#8221; css=&#8221;.vc_custom_1523352425631{padding-bottom: 20px !important;padding-left: 20px !important;}&#8221;][\/vc_column_inner][vc_column_inner width=&#8221;1\/3&#8243;][vc_custom_heading text=&#8221;Tamanho&#8221; font_container=&#8221;tag:h2|font_size:20|text_align:center|color:%23000000&#8243; use_theme_fonts=&#8221;yes&#8221; css=&#8221;.vc_custom_1523351453589{padding-bottom: 20px !important;}&#8221;][\/vc_column_inner][vc_column_inner width=&#8221;1\/3&#8243;][vc_custom_heading text=&#8221;Download&#8221; font_container=&#8221;tag:h2|font_size:20|text_align:right|color:%23000000&#8243; use_theme_fonts=&#8221;yes&#8221; css=&#8221;.vc_custom_1523985815488{padding-right: 20px !important;padding-bottom: 20px !important;}&#8221;][\/vc_column_inner][\/vc_row_inner][vc_row_inner content_placement=&#8221;middle&#8221; css=&#8221;.vc_custom_1523352464884{background-color: #ffffff !important;}&#8221;][vc_column_inner width=&#8221;1\/3&#8243;][vc_custom_heading text=&#8221;Listagem de Associados &#8211; Associa\u00e7\u00e3o Ger\u00eas Viver Turismo<br \/>\n&#8221; font_container=&#8221;tag:h2|font_size:16|text_align:left|color:%23000000&#8243; use_theme_fonts=&#8221;yes&#8221; css=&#8221;.vc_custom_1524242348641{padding-bottom: 20px !important;padding-left: 20px !important;}&#8221; link=&#8221;url:http%3A%2F%2Fgeres.pt%2Fwp-content%2Fuploads%2F2018%2F04%2FLISTAGEM-DE-ASSOCIADOS_Agosto2017.pdf|||&#8221;][\/vc_column_inner][vc_column_inner width=&#8221;1\/3&#8243;][vc_custom_heading text=&#8221;418 KB&#8221; font_container=&#8221;tag:h2|font_size:16|text_align:center|color:%23000000&#8243; use_theme_fonts=&#8221;yes&#8221; css=&#8221;.vc_custom_1524242378518{padding-bottom: 20px !important;}&#8221;][\/vc_column_inner][vc_column_inner width=&#8221;1\/3&#8243;][vc_btn title=&#8221;Download PDF&#8221; style=&#8221;3d&#8221; color=&#8221;green&#8221; size=&#8221;xs&#8221; align=&#8221;right&#8221; i_type=&#8221;entypo&#8221; i_icon_entypo=&#8221;entypo-icon entypo-icon-down-bold&#8221; add_icon=&#8221;true&#8221; link=&#8221;url:https%3A%2F%2Fgeres.pt%2Fwp-content%2Fuploads%2F2018%2F08%2FLISTAGEM-DE-ASSOCIADOS_GVT.pdf||target:%20_blank|&#8221; css=&#8221;.vc_custom_1533249041076{padding-right: 20px !important;}&#8221;][\/vc_column_inner][\/vc_row_inner][vc_empty_space height=&#8221;50px&#8221;][\/vc_column][\/vc_row][vc_row full_width=&#8221;stretch_row_content&#8221;][vc_column width=&#8221;1\/6&#8243;]<div class=\"vc_column-inner \"><div class=\"wpb_wrapper\"><div class=\"tt-category-block custom-hover-image tt-category-block-style2\"><div class=\"tt-category-block-inner bg\" style=\"background-image:url(http:\/\/geres.pt\/wp-content\/uploads\/2018\/04\/foto.photo-Hotel-S-Bento-by-Paulo-Vale_11.jpg);\"><a href=\"http:\/\/geres.pt\/alojamento\/\"><\/a><div class=\"tt-category-text-style2\"><h5 class=\"tt-category-title c-h5\">Alojamento<\/h5><\/div><\/div><\/div><div class=\"empty-space marg-xs-b15\"><\/div><\/div><\/div>[\/vc_column][vc_column width=&#8221;1\/6&#8243;]<div class=\"vc_column-inner \"><div class=\"wpb_wrapper\"><div class=\"tt-category-block custom-hover-image tt-category-block-style2\"><div class=\"tt-category-block-inner bg\" style=\"background-image:url(http:\/\/geres.pt\/wp-content\/uploads\/2018\/04\/3-3.jpg);\"><a href=\"http:\/\/geres.pt\/experiencias\/\"><\/a><div class=\"tt-category-text-style2\"><h5 class=\"tt-category-title c-h5\">Experi\u00eancias<\/h5><\/div><\/div><\/div><div class=\"empty-space marg-xs-b15\"><\/div><\/div><\/div>[\/vc_column][vc_column width=&#8221;1\/6&#8243;]<div class=\"vc_column-inner \"><div class=\"wpb_wrapper\"><div class=\"tt-category-block custom-hover-image tt-category-block-style2\"><div class=\"tt-category-block-inner bg\" style=\"background-image:url(http:\/\/geres.pt\/wp-content\/uploads\/2018\/04\/direct\u00f3rio-restaurantes.jpg);\"><a href=\"http:\/\/geres.pt\/restaurantes\/\"><\/a><div class=\"tt-category-text-style2\"><h5 class=\"tt-category-title c-h5\">Restaurantes<\/h5><\/div><\/div><\/div><div class=\"empty-space marg-xs-b15\"><\/div><\/div><\/div>[\/vc_column][vc_column width=&#8221;1\/6&#8243;]<div class=\"vc_column-inner \"><div class=\"wpb_wrapper\"><div class=\"tt-category-block custom-hover-image tt-category-block-style2\"><div class=\"tt-category-block-inner bg\" style=\"background-image:url(http:\/\/geres.pt\/wp-content\/uploads\/2018\/04\/foto.photo-Hotel-S-Bento-by-Paulo-Vale_4.jpg);\"><a href=\"http:\/\/geres.pt\/comprar\/\"><\/a><div class=\"tt-category-text-style2\"><h5 class=\"tt-category-title c-h5\">Com\u00e9rcio<\/h5><\/div><\/div><\/div><div class=\"empty-space marg-xs-b15\"><\/div><\/div><\/div>[\/vc_column][vc_column width=&#8221;1\/6&#8243;]<div class=\"vc_column-inner \"><div class=\"wpb_wrapper\"><div class=\"tt-category-block custom-hover-image tt-category-block-style2\"><div class=\"tt-category-block-inner bg\" style=\"background-image:url(http:\/\/geres.pt\/wp-content\/uploads\/2018\/04\/foto.photo-Hotel-S-Bento-by-Paulo-Vale_6.jpg);\"><a href=\"http:\/\/geres.pt\/servicos\/\"><\/a><div class=\"tt-category-text-style2\"><h5 class=\"tt-category-title c-h5\">Servi\u00e7os<\/h5><\/div><\/div><\/div><div class=\"empty-space marg-xs-b15\"><\/div><\/div><\/div>[\/vc_column][vc_column width=&#8221;1\/6&#8243;]<div class=\"vc_column-inner \"><div class=\"wpb_wrapper\"><div class=\"tt-category-block custom-hover-image tt-category-block-style2\"><div class=\"tt-category-block-inner bg\" style=\"background-image:url(http:\/\/geres.pt\/wp-content\/uploads\/2018\/02\/\u00c1guas-do-Ger\u00eas-4.jpg);\"><a href=\"http:\/\/geres.pt\/termas\/\"><\/a><div class=\"tt-category-text-style2\"><h5 class=\"tt-category-title c-h5\">\u00c1guas\/Termas<\/h5><\/div><\/div><\/div><div class=\"empty-space marg-xs-b15\"><\/div><\/div><\/div>[\/vc_column][\/vc_row]<\/p>\n","protected":false},"excerpt":{"rendered":"<p>[vc_row full_width=&#8221;stretch_row_content_no_spaces&#8221;][vc_column][rev_slider_vc alias=&#8221;fixed&#8221;][\/vc_column][\/vc_row][vc_row css=&#8221;.vc_custom_1523984383729{padding-top: 20px !important;}&#8221;][vc_column][vc_empty_space height=&#8221;30px&#8221;][vc_custom_heading text=&#8221;LISTAGEM DE ASSOCIADOS&#8221; font_container=&#8221;tag:h2|font_size:40|text_align:center|color:%230a0a0a&#8221; use_theme_fonts=&#8221;yes&#8221;][vc_empty_space height=&#8221;100px&#8221;][vc_row_inner css=&#8221;.vc_custom_1523984500736{padding-right: 20px !important;padding-left: 20px !important;}&#8221;][vc_column_inner][\/vc_column_inner][\/vc_row_inner][vc_empty_space height=&#8221;30px&#8221;][\/vc_column][\/vc_row][vc_row][vc_column][vc_row_inner css=&#8221;.vc_custom_1523352471433{background-color: #f9f9f9 !important;}&#8221;][vc_column_inner width=&#8221;1\/3&#8243;][vc_custom_heading text=&#8221;Anexo&#8221; font_container=&#8221;tag:h2|font_size:20|text_align:left|color:%23000000&#8243; use_theme_fonts=&#8221;yes&#8221; css=&#8221;.vc_custom_1523352425631{padding-bottom: 20px !important;padding-left: 20px !important;}&#8221;][\/vc_column_inner][vc_column_inner width=&#8221;1\/3&#8243;][vc_custom_heading text=&#8221;Tamanho&#8221; font_container=&#8221;tag:h2|font_size:20|text_align:center|color:%23000000&#8243; use_theme_fonts=&#8221;yes&#8221; css=&#8221;.vc_custom_1523351453589{padding-bottom: 20px !important;}&#8221;][\/vc_column_inner][vc_column_inner width=&#8221;1\/3&#8243;][vc_custom_heading text=&#8221;Download&#8221; font_container=&#8221;tag:h2|font_size:20|text_align:right|color:%23000000&#8243; use_theme_fonts=&#8221;yes&#8221; css=&#8221;.vc_custom_1523985815488{padding-right: 20px !important;padding-bottom: 20px !important;}&#8221;][\/vc_column_inner][\/vc_row_inner][vc_row_inner content_placement=&#8221;middle&#8221; css=&#8221;.vc_custom_1523352464884{background-color: #ffffff !important;}&#8221;][vc_column_inner width=&#8221;1\/3&#8243;][vc_custom_heading text=&#8221;Listagem de Associados [&hellip;]<\/p>\n","protected":false},"author":11,"featured_media":0,"parent":0,"menu_order":0,"comment_status":"closed","ping_status":"closed","template":"","meta":{"_tribe_blocks_recurrence_rules":"","_tribe_blocks_recurrence_exclusions":"","_tribe_blocks_recurrence_description":""},"_links":{"self":[{"href":"https:\/\/geres.pt\/en\/wp-json\/wp\/v2\/pages\/5262\/"}],"collection":[{"href":"https:\/\/geres.pt\/en\/wp-json\/wp\/v2\/pages\/"}],"about":[{"href":"https:\/\/geres.pt\/en\/wp-json\/wp\/v2\/types\/page\/"}],"author":[{"embeddable":true,"href":"https:\/\/geres.pt\/en\/wp-json\/wp\/v2\/users\/11\/"}],"replies":[{"embeddable":true,"href":"https:\/\/geres.pt\/en\/wp-json\/wp\/v2\/comments\/?post=5262"}],"version-history":[{"count":0,"href":"https:\/\/geres.pt\/en\/wp-json\/wp\/v2\/pages\/5262\/revisions\/"}],"wp:attachment":[{"href":"https:\/\/geres.pt\/en\/wp-json\/wp\/v2\/media\/?parent=5262"}],"curies":[{"name":"wp","href":"https:\/\/api.w.org\/{rel}","templated":true}]}}