{"id":5258,"date":"2019-04-01T15:07:14","date_gmt":"2019-04-01T15:07:14","guid":{"rendered":"https:\/\/geres.pt\/?page_id=5258"},"modified":"2024-04-23T10:11:15","modified_gmt":"2024-04-23T10:11:15","slug":"contacts-2","status":"publish","type":"page","link":"https:\/\/geres.pt\/en\/contacts-2\/","title":{"rendered":"Contacts"},"content":{"rendered":"<p>[vc_row][vc_column][vc_empty_space height=&#8221;50px&#8221;][vc_text_separator title=&#8221;Contactos&#8221; color=&#8221;green&#8221; border_width=&#8221;5&#8243;][vc_empty_space height=&#8221;80px&#8221;][\/vc_column][\/vc_row][vc_row full_width=&#8221;stretch_row&#8221;][vc_column width=&#8221;1\/2&#8243; css=&#8221;.vc_custom_1523356459466{padding-right: 20px !important;padding-left: 50px !important;}&#8221;]<div class=\"text-block\" ><div class=\"simple-text \"><h4 data-tooltip=\"2 de fevereiro de 2018 \u00e0s 14:18:57 UTC\"><span style=\"color: #666666;\">GER\u00caS VIVER TURISMO <\/span><\/h4>\n<h4 data-tooltip=\"2 de fevereiro de 2018 \u00e0s 14:18:57 UTC\"><span style=\"color: #666666;\">ASSOCIA\u00c7\u00c3O DE DEFESA E PROMO\u00c7\u00c3O DO GER\u00caS<\/span><\/h4>\n<\/div><\/div>[vc_empty_space height=&#8221;50px&#8221;]<div class=\"text-block\" ><div class=\"simple-text \"><p><strong>Address<\/strong><\/p>\n<p>Centro de Anima\u00e7\u00e3o das Caldas do Ger\u00eas<\/p>\n<p>Sala Espa\u00e7o Internet, 1\u00ba Andar<\/p>\n<p>Av. Manuel Francisco da Costa<\/p>\n<p>4845-067 Ger\u00eas<\/p>\n<\/div><\/div>[vc_empty_space height=&#8221;50px&#8221;]<div class=\"text-block\" ><div class=\"simple-text \"><p><strong>E-mail:\u00a0<\/strong>vivergeres@gmail.com<\/p>\n<p><strong>Phone: <\/strong>+351 912 508 644<\/p>\n<p><strong>Social Networks:<\/strong><\/p>\n<\/div><\/div>[vc_row_inner css=&#8221;.vc_custom_1525260763859{padding-top: 10px !important;}&#8221;][vc_column_inner css=&#8221;.vc_custom_1523987402911{padding-left: 15px !important;}&#8221;][vc_raw_html]JTNDdWwlMjBjbGFzcyUzRCUyMmxzaS1zb2NpYWwtaWNvbnMlMjBpY29uLXNldC1sc2lfd2lkZ2V0LTIlMjIlMjBzdHlsZSUzRCUyMnRleHQtYWxpZ24lM0ElMjBsZWZ0JTIyJTNFJTNDbGklMjBjbGFzcyUzRCUyMmxzaS1zb2NpYWwtZmFjZWJvb2slMjIlM0UlM0NhJTIwY2xhc3MlM0QlMjIlMjIlMjByZWwlM0QlMjJub2ZvbGxvdyUyMiUyMHRpdGxlJTNEJTIyRmFjZWJvb2slMjIlMjBhcmlhLWxhYmVsJTNEJTIyRmFjZWJvb2slMjIlMjBocmVmJTNEJTIyaHR0cHMlM0ElMkYlMkZ3d3cuZmFjZWJvb2suY29tJTJGZ2VyZXN2aXZlcnR1cmlzbW8lMkYlMjIlMjB0YXJnZXQlM0QlMjJfYmxhbmslMjIlM0UlM0NpJTIwY2xhc3MlM0QlMjJsc2ljb24lMjBsc2ljb24tZmFjZWJvb2slMjIlM0UlM0MlMkZpJTNFJTNDJTJGYSUzRSUzQyUyRmxpJTNFJTNDbGklMjBjbGFzcyUzRCUyMmxzaS1zb2NpYWwtaW5zdGFncmFtJTIyJTNFJTNDYSUyMGNsYXNzJTNEJTIyJTIyJTIwcmVsJTNEJTIybm9mb2xsb3clMjIlMjB0aXRsZSUzRCUyMkluc3RhZ3JhbSUyMiUyMGFyaWEtbGFiZWwlM0QlMjJJbnN0YWdyYW0lMjIlMjBocmVmJTNEJTIyaHR0cHMlM0ElMkYlMkZ3d3cuaW5zdGFncmFtLmNvbSUyRmdlcmVzLnB0JTJGJTIyJTIwdGFyZ2V0JTNEJTIyX2JsYW5rJTIyJTNFJTNDaSUyMGNsYXNzJTNEJTIybHNpY29uJTIwbHNpY29uLWluc3RhZ3JhbSUyMiUzRSUzQyUyRmklM0UlM0MlMkZhJTNFJTNDJTJGbGklM0UlM0MlMkZ1bCUzRQ==[\/vc_raw_html]<div class=\"text-block\" ><div class=\"simple-text \"><\/div><\/div>[\/vc_column_inner][\/vc_row_inner][\/vc_column][vc_column width=&#8221;1\/2&#8243; css=&#8221;.vc_custom_1523987448500{padding-top: 30px !important;padding-right: 50px !important;padding-left: 20px !important;}&#8221;]<div class=\"text-block\" ><div class=\"simple-text \"><div role=\"form\" class=\"wpcf7\" id=\"wpcf7-f5217-o1\" lang=\"en-US\" dir=\"ltr\">\n<div class=\"screen-reader-response\"><\/div>\n<form action=\"\/en\/wp-json\/wp\/v2\/pages\/5258\/#wpcf7-f5217-o1\" method=\"post\" class=\"wpcf7-form\" novalidate=\"novalidate\">\n<div style=\"display: none;\">\n<input type=\"hidden\" name=\"_wpcf7\" value=\"5217\" \/>\n<input type=\"hidden\" name=\"_wpcf7_version\" value=\"5.0.5\" \/>\n<input type=\"hidden\" name=\"_wpcf7_locale\" value=\"en_US\" \/>\n<input type=\"hidden\" name=\"_wpcf7_unit_tag\" value=\"wpcf7-f5217-o1\" \/>\n<input type=\"hidden\" name=\"_wpcf7_container_post\" value=\"0\" \/>\n<\/div>\n<p><label> Your Name (required)<br \/>\n    <span class=\"wpcf7-form-control-wrap your-name\"><input type=\"text\" name=\"your-name\" value=\"\" size=\"40\" class=\"wpcf7-form-control wpcf7-text wpcf7-validates-as-required\" aria-required=\"true\" aria-invalid=\"false\" \/><\/span> <\/label><\/p>\n<p><label> Your Email (required)<br \/>\n    <span class=\"wpcf7-form-control-wrap your-email\"><input type=\"email\" name=\"your-email\" value=\"\" size=\"40\" class=\"wpcf7-form-control wpcf7-text wpcf7-email wpcf7-validates-as-required wpcf7-validates-as-email\" aria-required=\"true\" aria-invalid=\"false\" \/><\/span> <\/label><\/p>\n<p><label> Subject<br \/>\n    <span class=\"wpcf7-form-control-wrap your-subject\"><input type=\"text\" name=\"your-subject\" value=\"\" size=\"40\" class=\"wpcf7-form-control wpcf7-text\" aria-invalid=\"false\" \/><\/span> <\/label><\/p>\n<p><label> Your Message<br \/>\n    <span class=\"wpcf7-form-control-wrap your-message\"><textarea name=\"your-message\" cols=\"40\" rows=\"10\" class=\"wpcf7-form-control wpcf7-textarea\" aria-invalid=\"false\"><\/textarea><\/span> <\/label><\/p>\n<p><input type=\"submit\" value=\"Submit\" class=\"wpcf7-form-control wpcf7-submit\" \/><\/p>\n<div class=\"wpcf7-response-output wpcf7-display-none\"><\/div><\/form><\/div>\n<\/div><\/div>[\/vc_column][\/vc_row][vc_row][vc_column][vc_empty_space height=&#8221;75px&#8221;][\/vc_column][\/vc_row][vc_row full_width=&#8221;stretch_row_content&#8221;][vc_column width=&#8221;1\/6&#8243;]<div class=\"vc_column-inner \"><div class=\"wpb_wrapper\"><div class=\"tt-category-block custom-hover-image tt-category-block-style2\"><div class=\"tt-category-block-inner bg\" style=\"background-image:url(http:\/\/geres.pt\/wp-content\/uploads\/2018\/04\/foto.photo-Hotel-S-Bento-by-Paulo-Vale_11.jpg);\"><a href=\"http:\/\/geres.pt\/alojamento\/\"><\/a><div class=\"tt-category-text-style2\"><h5 class=\"tt-category-title c-h5\">Alojamento<\/h5><\/div><\/div><\/div><div class=\"empty-space marg-xs-b15\"><\/div><\/div><\/div>[\/vc_column][vc_column width=&#8221;1\/6&#8243;]<div class=\"vc_column-inner \"><div class=\"wpb_wrapper\"><div class=\"tt-category-block custom-hover-image tt-category-block-style2\"><div class=\"tt-category-block-inner bg\" style=\"background-image:url(http:\/\/geres.pt\/wp-content\/uploads\/2018\/04\/3-3.jpg);\"><a href=\"http:\/\/geres.pt\/experiencias\/\"><\/a><div class=\"tt-category-text-style2\"><h5 class=\"tt-category-title c-h5\">Experi\u00eancias<\/h5><\/div><\/div><\/div><div class=\"empty-space marg-xs-b15\"><\/div><\/div><\/div>[\/vc_column][vc_column width=&#8221;1\/6&#8243;]<div class=\"vc_column-inner \"><div class=\"wpb_wrapper\"><div class=\"tt-category-block custom-hover-image tt-category-block-style2\"><div class=\"tt-category-block-inner bg\" style=\"background-image:url(http:\/\/geres.pt\/wp-content\/uploads\/2018\/04\/direct\u00f3rio-restaurantes.jpg);\"><a href=\"http:\/\/geres.pt\/restaurantes\/\"><\/a><div class=\"tt-category-text-style2\"><h5 class=\"tt-category-title c-h5\">Restaurantes<\/h5><\/div><\/div><\/div><div class=\"empty-space marg-xs-b15\"><\/div><\/div><\/div>[\/vc_column][vc_column width=&#8221;1\/6&#8243;]<div class=\"vc_column-inner \"><div class=\"wpb_wrapper\"><div class=\"tt-category-block custom-hover-image tt-category-block-style2\"><div class=\"tt-category-block-inner bg\" style=\"background-image:url(http:\/\/geres.pt\/wp-content\/uploads\/2018\/04\/foto.photo-Hotel-S-Bento-by-Paulo-Vale_4.jpg);\"><a href=\"http:\/\/geres.pt\/comprar\/\"><\/a><div class=\"tt-category-text-style2\"><h5 class=\"tt-category-title c-h5\">Com\u00e9rcio<\/h5><\/div><\/div><\/div><div class=\"empty-space marg-xs-b15\"><\/div><\/div><\/div>[\/vc_column][vc_column width=&#8221;1\/6&#8243;]<div class=\"vc_column-inner \"><div class=\"wpb_wrapper\"><div class=\"tt-category-block custom-hover-image tt-category-block-style2\"><div class=\"tt-category-block-inner bg\" style=\"background-image:url(http:\/\/geres.pt\/wp-content\/uploads\/2018\/04\/foto.photo-Hotel-S-Bento-by-Paulo-Vale_6.jpg);\"><a href=\"http:\/\/geres.pt\/servicos\/\"><\/a><div class=\"tt-category-text-style2\"><h5 class=\"tt-category-title c-h5\">Servi\u00e7os<\/h5><\/div><\/div><\/div><div class=\"empty-space marg-xs-b15\"><\/div><\/div><\/div>[\/vc_column][vc_column width=&#8221;1\/6&#8243;]<div class=\"vc_column-inner \"><div class=\"wpb_wrapper\"><div class=\"tt-category-block custom-hover-image tt-category-block-style2\"><div class=\"tt-category-block-inner bg\" style=\"background-image:url(http:\/\/geres.pt\/wp-content\/uploads\/2018\/02\/\u00c1guas-do-Ger\u00eas-4.jpg);\"><a href=\"http:\/\/geres.pt\/termas\/\"><\/a><div class=\"tt-category-text-style2\"><h5 class=\"tt-category-title c-h5\">\u00c1guas\/Termas<\/h5><\/div><\/div><\/div><div class=\"empty-space marg-xs-b15\"><\/div><\/div><\/div>[\/vc_column][\/vc_row]<\/p>\n","protected":false},"excerpt":{"rendered":"<p>[vc_row][vc_column][vc_empty_space height=&#8221;50px&#8221;][vc_text_separator title=&#8221;Contactos&#8221; color=&#8221;green&#8221; border_width=&#8221;5&#8243;][vc_empty_space height=&#8221;80px&#8221;][\/vc_column][\/vc_row][vc_row full_width=&#8221;stretch_row&#8221;][vc_column width=&#8221;1\/2&#8243; css=&#8221;.vc_custom_1523356459466{padding-right: 20px !important;padding-left: 50px !important;}&#8221;][vc_empty_space height=&#8221;50px&#8221;][vc_empty_space height=&#8221;50px&#8221;][vc_row_inner css=&#8221;.vc_custom_1525260763859{padding-top: 10px !important;}&#8221;][vc_column_inner css=&#8221;.vc_custom_1523987402911{padding-left: 15px !important;}&#8221;][vc_raw_html]JTNDdWwlMjBjbGFzcyUzRCUyMmxzaS1zb2NpYWwtaWNvbnMlMjBpY29uLXNldC1sc2lfd2lkZ2V0LTIlMjIlMjBzdHlsZSUzRCUyMnRleHQtYWxpZ24lM0ElMjBsZWZ0JTIyJTNFJTNDbGklMjBjbGFzcyUzRCUyMmxzaS1zb2NpYWwtZmFjZWJvb2slMjIlM0UlM0NhJTIwY2xhc3MlM0QlMjIlMjIlMjByZWwlM0QlMjJub2ZvbGxvdyUyMiUyMHRpdGxlJTNEJTIyRmFjZWJvb2slMjIlMjBhcmlhLWxhYmVsJTNEJTIyRmFjZWJvb2slMjIlMjBocmVmJTNEJTIyaHR0cHMlM0ElMkYlMkZ3d3cuZmFjZWJvb2suY29tJTJGZ2VyZXN2aXZlcnR1cmlzbW8lMkYlMjIlMjB0YXJnZXQlM0QlMjJfYmxhbmslMjIlM0UlM0NpJTIwY2xhc3MlM0QlMjJsc2ljb24lMjBsc2ljb24tZmFjZWJvb2slMjIlM0UlM0MlMkZpJTNFJTNDJTJGYSUzRSUzQyUyRmxpJTNFJTNDbGklMjBjbGFzcyUzRCUyMmxzaS1zb2NpYWwtaW5zdGFncmFtJTIyJTNFJTNDYSUyMGNsYXNzJTNEJTIyJTIyJTIwcmVsJTNEJTIybm9mb2xsb3clMjIlMjB0aXRsZSUzRCUyMkluc3RhZ3JhbSUyMiUyMGFyaWEtbGFiZWwlM0QlMjJJbnN0YWdyYW0lMjIlMjBocmVmJTNEJTIyaHR0cHMlM0ElMkYlMkZ3d3cuaW5zdGFncmFtLmNvbSUyRmdlcmVzLnB0JTJGJTIyJTIwdGFyZ2V0JTNEJTIyX2JsYW5rJTIyJTNFJTNDaSUyMGNsYXNzJTNEJTIybHNpY29uJTIwbHNpY29uLWluc3RhZ3JhbSUyMiUzRSUzQyUyRmklM0UlM0MlMkZhJTNFJTNDJTJGbGklM0UlM0MlMkZ1bCUzRQ==[\/vc_raw_html][\/vc_column_inner][\/vc_row_inner][\/vc_column][vc_column width=&#8221;1\/2&#8243; css=&#8221;.vc_custom_1523987448500{padding-top: 30px !important;padding-right: 50px !important;padding-left: 20px !important;}&#8221;][\/vc_column][\/vc_row][vc_row][vc_column][vc_empty_space height=&#8221;75px&#8221;][\/vc_column][\/vc_row][vc_row full_width=&#8221;stretch_row_content&#8221;][vc_column width=&#8221;1\/6&#8243;][\/vc_column][vc_column width=&#8221;1\/6&#8243;][\/vc_column][vc_column width=&#8221;1\/6&#8243;][\/vc_column][vc_column width=&#8221;1\/6&#8243;][\/vc_column][vc_column width=&#8221;1\/6&#8243;][\/vc_column][vc_column width=&#8221;1\/6&#8243;][\/vc_column][\/vc_row]<\/p>\n","protected":false},"author":11,"featured_media":0,"parent":0,"menu_order":0,"comment_status":"closed","ping_status":"closed","template":"","meta":{"_tribe_blocks_recurrence_rules":"","_tribe_blocks_recurrence_exclusions":"","_tribe_blocks_recurrence_description":""},"_links":{"self":[{"href":"https:\/\/geres.pt\/en\/wp-json\/wp\/v2\/pages\/5258\/"}],"collection":[{"href":"https:\/\/geres.pt\/en\/wp-json\/wp\/v2\/pages\/"}],"about":[{"href":"https:\/\/geres.pt\/en\/wp-json\/wp\/v2\/types\/page\/"}],"author":[{"embeddable":true,"href":"https:\/\/geres.pt\/en\/wp-json\/wp\/v2\/users\/11\/"}],"replies":[{"embeddable":true,"href":"https:\/\/geres.pt\/en\/wp-json\/wp\/v2\/comments\/?post=5258"}],"version-history":[{"count":2,"href":"https:\/\/geres.pt\/en\/wp-json\/wp\/v2\/pages\/5258\/revisions\/"}],"predecessor-version":[{"id":17965,"href":"https:\/\/geres.pt\/en\/wp-json\/wp\/v2\/pages\/5258\/revisions\/17965\/"}],"wp:attachment":[{"href":"https:\/\/geres.pt\/en\/wp-json\/wp\/v2\/media\/?parent=5258"}],"curies":[{"name":"wp","href":"https:\/\/api.w.org\/{rel}","templated":true}]}}